{"id":642,"date":"2022-05-04T20:06:43","date_gmt":"2022-05-05T00:06:43","guid":{"rendered":"https:\/\/cmhfcosdev.wpenginepowered.com\/a-propos-de-lexperience-a-toute-vitesse\/"},"modified":"2025-05-23T13:11:23","modified_gmt":"2025-05-23T17:11:23","slug":"a-propos-de-lexperience-a-toute-vitesse","status":"publish","type":"page","link":"https:\/\/cmhf.ca\/cos-etv\/fr\/a-propos-de-lexperience-a-toute-vitesse\/","title":{"rendered":"\u00c0 PROPOS"},"content":{"rendered":"[vc_row type=\u00a0\u00bbfull_width_background\u00a0\u00bb full_screen_row_position=\u00a0\u00bbmiddle\u00a0\u00bb column_margin=\u00a0\u00bbdefault\u00a0\u00bb equal_height=\u00a0\u00bbyes\u00a0\u00bb column_direction=\u00a0\u00bbdefault\u00a0\u00bb column_direction_tablet=\u00a0\u00bbdefault\u00a0\u00bb column_direction_phone=\u00a0\u00bbdefault\u00a0\u00bb scene_position=\u00a0\u00bbcenter\u00a0\u00bb top_padding=\u00a0\u00bb0&Prime; constrain_group_1=\u00a0\u00bbyes\u00a0\u00bb bottom_padding=\u00a0\u00bb0&Prime; left_padding_desktop=\u00a0\u00bb0&Prime; constrain_group_2=\u00a0\u00bbyes\u00a0\u00bb right_padding_desktop=\u00a0\u00bb0&Prime; text_color=\u00a0\u00bbdark\u00a0\u00bb text_align=\u00a0\u00bbleft\u00a0\u00bb row_border_radius=\u00a0\u00bbnone\u00a0\u00bb row_border_radius_applies=\u00a0\u00bbbg\u00a0\u00bb overflow=\u00a0\u00bbvisible\u00a0\u00bb advanced_gradient_angle=\u00a0\u00bb0&Prime; overlay_strength=\u00a0\u00bb0.3&Prime; gradient_direction=\u00a0\u00bbleft_to_right\u00a0\u00bb shape_divider_position=\u00a0\u00bbbottom\u00a0\u00bb bg_image_animation=\u00a0\u00bbnone\u00a0\u00bb gradient_type=\u00a0\u00bbdefault\u00a0\u00bb shape_type=\u00a0\u00bb\u00a0\u00bb][vc_column column_padding=\u00a0\u00bbpadding-1-percent\u00a0\u00bb column_padding_tablet=\u00a0\u00bbinherit\u00a0\u00bb column_padding_phone=\u00a0\u00bbinherit\u00a0\u00bb column_padding_position=\u00a0\u00bbright\u00a0\u00bb top_margin=\u00a0\u00bb25&Prime; bottom_margin=\u00a0\u00bb40&Prime; column_element_spacing=\u00a0\u00bbdefault\u00a0\u00bb background_color_opacity=\u00a0\u00bb1&Prime; background_hover_color_opacity=\u00a0\u00bb1&Prime; column_shadow=\u00a0\u00bbnone\u00a0\u00bb column_border_radius=\u00a0\u00bbnone\u00a0\u00bb column_link_target=\u00a0\u00bb_self\u00a0\u00bb column_position=\u00a0\u00bbdefault\u00a0\u00bb advanced_gradient_angle=\u00a0\u00bb0&Prime; gradient_direction=\u00a0\u00bbleft_to_right\u00a0\u00bb overlay_strength=\u00a0\u00bb0.3&Prime; width=\u00a0\u00bb2\/3&Prime; tablet_width_inherit=\u00a0\u00bbdefault\u00a0\u00bb tablet_text_alignment=\u00a0\u00bbdefault\u00a0\u00bb phone_text_alignment=\u00a0\u00bbdefault\u00a0\u00bb animation_type=\u00a0\u00bbdefault\u00a0\u00bb bg_image_animation=\u00a0\u00bbnone\u00a0\u00bb border_type=\u00a0\u00bbsimple\u00a0\u00bb column_border_width=\u00a0\u00bbnone\u00a0\u00bb column_border_style=\u00a0\u00bbsolid\u00a0\u00bb gradient_type=\u00a0\u00bbdefault\u00a0\u00bb][vc_column_text]L\u2019Exp\u00e9rience \u00e0 toute vitesse est une collecte de fonds annuelle organis\u00e9e par le Temple de la renomm\u00e9e du sport automobile canadien, qui offre au grand public une combinaison palpitante de bapt\u00eames de piste en tant que passager et d\u2019exp\u00e9riences de pilotage lors d\u2019une journ\u00e9e sur circuit. L\u2019\u00e9v\u00e9nement se tient au Canadian Tire Motorsport Park (CTMP), \u00e0 Clarington, en Ontario.<\/p>\n<p>Les passionn\u00e9s et le grand public, \u00e2g\u00e9s de 10 ans et plus, peuvent vivre \u00ab la balade de leur vie \u00bb \u00e0 bord de voitures exceptionnelles, accompagn\u00e9s de pilotes de course chevronn\u00e9s. L\u2019\u00e9v\u00e9nement offre \u00e9galement \u00e0 un maximum de 50 participants l\u2019occasion de profiter d\u2019une journ\u00e9e compl\u00e8te de pilotage \u00e0 haute vitesse en conduisant leur propre voiture sur circuit. L\u2019Exp\u00e9rience \u00e0 toute vitesse n\u2019est ni une course chronom\u00e9tr\u00e9e ni un concours de vitesse. Les pilotes de bapt\u00eames de piste et les participants \u00e0 la journ\u00e9e sur circuit re\u00e7oivent l\u2019instruction de conduire prudemment, dans les limites de leur v\u00e9hicule et de leurs comp\u00e9tences personnelles.<\/p>\n<p>Tous les profits de l\u2019\u00e9v\u00e9nement sont vers\u00e9s \u00e0 la Fondation canadienne du patrimoine du sport automobile, un organisme de bienfaisance fond\u00e9 en 1993 qui exploite le Temple de la renomm\u00e9e du sport automobile canadien (CMHF). Le CMHF honore des personnes et des organisations pour leurs r\u00e9alisations remarquables et leurs contributions significatives au sport automobile canadien.[\/vc_column_text][nectar_btn size=\u00a0\u00bblarge\u00a0\u00bb button_style=\u00a0\u00bbregular\u00a0\u00bb button_color_2=\u00a0\u00bbAccent-Color\u00a0\u00bb icon_family=\u00a0\u00bbnone\u00a0\u00bb text=\u00a0\u00bbNous joindre\u00a0\u00bb margin_bottom=\u00a0\u00bb15&Prime; margin_right=\u00a0\u00bb20&Prime; url=\u00a0\u00bbhttps:\/\/cmhf.ca\/cos-etv\/contact\/\u00a0\u00bb][\/vc_column][vc_column column_padding=\u00a0\u00bbpadding-1-percent\u00a0\u00bb column_padding_tablet=\u00a0\u00bbinherit\u00a0\u00bb column_padding_phone=\u00a0\u00bbinherit\u00a0\u00bb column_padding_position=\u00a0\u00bbbottom\u00a0\u00bb column_element_spacing=\u00a0\u00bbdefault\u00a0\u00bb background_color_opacity=\u00a0\u00bb1&Prime; background_hover_color_opacity=\u00a0\u00bb1&Prime; column_shadow=\u00a0\u00bbnone\u00a0\u00bb column_border_radius=\u00a0\u00bbnone\u00a0\u00bb column_link_target=\u00a0\u00bb_self\u00a0\u00bb column_position=\u00a0\u00bbdefault\u00a0\u00bb advanced_gradient_angle=\u00a0\u00bb0&Prime; gradient_direction=\u00a0\u00bbleft_to_right\u00a0\u00bb overlay_strength=\u00a0\u00bb0.3&Prime; width=\u00a0\u00bb1\/3&Prime; tablet_width_inherit=\u00a0\u00bbdefault\u00a0\u00bb tablet_text_alignment=\u00a0\u00bbdefault\u00a0\u00bb phone_text_alignment=\u00a0\u00bbdefault\u00a0\u00bb animation_type=\u00a0\u00bbdefault\u00a0\u00bb bg_image_animation=\u00a0\u00bbnone\u00a0\u00bb border_type=\u00a0\u00bbsimple\u00a0\u00bb column_border_width=\u00a0\u00bbnone\u00a0\u00bb column_border_style=\u00a0\u00bbsolid\u00a0\u00bb gradient_type=\u00a0\u00bbdefault\u00a0\u00bb][divider line_type=\u00a0\u00bbNo Line\u00a0\u00bb][image_with_animation image_url=\u00a0\u00bb455&Prime; image_size=\u00a0\u00bbfull\u00a0\u00bb animation_type=\u00a0\u00bbentrance\u00a0\u00bb animation=\u00a0\u00bbNone\u00a0\u00bb hover_animation=\u00a0\u00bbnone\u00a0\u00bb alignment=\u00a0\u00bb\u00a0\u00bb border_radius=\u00a0\u00bbnone\u00a0\u00bb box_shadow=\u00a0\u00bbnone\u00a0\u00bb image_loading=\u00a0\u00bbdefault\u00a0\u00bb max_width=\u00a0\u00bb100%\u00a0\u00bb max_width_mobile=\u00a0\u00bbdefault\u00a0\u00bb][image_with_animation image_url=\u00a0\u00bb463&Prime; image_size=\u00a0\u00bbfull\u00a0\u00bb animation_type=\u00a0\u00bbentrance\u00a0\u00bb animation=\u00a0\u00bbNone\u00a0\u00bb hover_animation=\u00a0\u00bbnone\u00a0\u00bb alignment=\u00a0\u00bb\u00a0\u00bb border_radius=\u00a0\u00bbnone\u00a0\u00bb box_shadow=\u00a0\u00bbnone\u00a0\u00bb image_loading=\u00a0\u00bbdefault\u00a0\u00bb max_width=\u00a0\u00bb100%\u00a0\u00bb max_width_mobile=\u00a0\u00bbdefault\u00a0\u00bb][\/vc_column][\/vc_row]\n","protected":false},"excerpt":{"rendered":"<p>[vc_row type=\u00a0\u00bbfull_width_background\u00a0\u00bb full_screen_row_position=\u00a0\u00bbmiddle\u00a0\u00bb column_margin=\u00a0\u00bbdefault\u00a0\u00bb equal_height=\u00a0\u00bbyes\u00a0\u00bb column_direction=\u00a0\u00bbdefault\u00a0\u00bb column_direction_tablet=\u00a0\u00bbdefault\u00a0\u00bb column_direction_phone=\u00a0\u00bbdefault\u00a0\u00bb scene_position=\u00a0\u00bbcenter\u00a0\u00bb top_padding=\u00a0\u00bb0&Prime; constrain_group_1=\u00a0\u00bbyes\u00a0\u00bb bottom_padding=\u00a0\u00bb0&Prime; left_padding_desktop=\u00a0\u00bb0&Prime; constrain_group_2=\u00a0\u00bbyes\u00a0\u00bb right_padding_desktop=\u00a0\u00bb0&Prime; text_color=\u00a0\u00bbdark\u00a0\u00bb text_align=\u00a0\u00bbleft\u00a0\u00bb row_border_radius=\u00a0\u00bbnone\u00a0\u00bb row_border_radius_applies=\u00a0\u00bbbg\u00a0\u00bb overflow=\u00a0\u00bbvisible\u00a0\u00bb advanced_gradient_angle=\u00a0\u00bb0&Prime; overlay_strength=\u00a0\u00bb0.3&Prime; gradient_direction=\u00a0\u00bbleft_to_right\u00a0\u00bb shape_divider_position=\u00a0\u00bbbottom\u00a0\u00bb bg_image_animation=\u00a0\u00bbnone\u00a0\u00bb gradient_type=\u00a0\u00bbdefault\u00a0\u00bb shape_type=\u00a0\u00bb\u00a0\u00bb][vc_column column_padding=\u00a0\u00bbpadding-1-percent\u00a0\u00bb column_padding_tablet=\u00a0\u00bbinherit\u00a0\u00bb column_padding_phone=\u00a0\u00bbinherit\u00a0\u00bb&#8230;<\/p>\n","protected":false},"author":1,"featured_media":485,"parent":0,"menu_order":0,"comment_status":"closed","ping_status":"closed","template":"","meta":{"footnotes":""},"class_list":["post-642","page","type-page","status-publish","has-post-thumbnail"],"yoast_head":"<!-- This site is optimized with the Yoast SEO plugin v27.0 - https:\/\/yoast.com\/product\/yoast-seo-wordpress\/ -->\n<title>\u00c0 PROPOS - CMHF Celebration of Speed<\/title>\n<meta name=\"robots\" content=\"index, follow, max-snippet:-1, max-image-preview:large, max-video-preview:-1\" \/>\n<link rel=\"canonical\" href=\"https:\/\/cmhf.ca\/cos-etv\/fr\/a-propos-de-lexperience-a-toute-vitesse\/\" \/>\n<meta property=\"og:locale\" content=\"fr_FR\" \/>\n<meta property=\"og:type\" content=\"article\" \/>\n<meta property=\"og:title\" content=\"\u00c0 PROPOS - CMHF Celebration of Speed\" \/>\n<meta property=\"og:description\" content=\"[vc_row type=\u00a0\u00bbfull_width_background\u00a0\u00bb full_screen_row_position=\u00a0\u00bbmiddle\u00a0\u00bb column_margin=\u00a0\u00bbdefault\u00a0\u00bb equal_height=\u00a0\u00bbyes\u00a0\u00bb column_direction=\u00a0\u00bbdefault\u00a0\u00bb column_direction_tablet=\u00a0\u00bbdefault\u00a0\u00bb column_direction_phone=\u00a0\u00bbdefault\u00a0\u00bb scene_position=\u00a0\u00bbcenter\u00a0\u00bb top_padding=\u00a0\u00bb0&Prime; constrain_group_1=\u00a0\u00bbyes\u00a0\u00bb bottom_padding=\u00a0\u00bb0&Prime; left_padding_desktop=\u00a0\u00bb0&Prime; constrain_group_2=\u00a0\u00bbyes\u00a0\u00bb right_padding_desktop=\u00a0\u00bb0&Prime; text_color=\u00a0\u00bbdark\u00a0\u00bb text_align=\u00a0\u00bbleft\u00a0\u00bb row_border_radius=\u00a0\u00bbnone\u00a0\u00bb row_border_radius_applies=\u00a0\u00bbbg\u00a0\u00bb overflow=\u00a0\u00bbvisible\u00a0\u00bb advanced_gradient_angle=\u00a0\u00bb0&Prime; overlay_strength=\u00a0\u00bb0.3&Prime; gradient_direction=\u00a0\u00bbleft_to_right\u00a0\u00bb shape_divider_position=\u00a0\u00bbbottom\u00a0\u00bb bg_image_animation=\u00a0\u00bbnone\u00a0\u00bb gradient_type=\u00a0\u00bbdefault\u00a0\u00bb shape_type=\u00a0\u00bb\u00a0\u00bb][vc_column column_padding=\u00a0\u00bbpadding-1-percent\u00a0\u00bb column_padding_tablet=\u00a0\u00bbinherit\u00a0\u00bb column_padding_phone=\u00a0\u00bbinherit\u00a0\u00bb...\" \/>\n<meta property=\"og:url\" content=\"https:\/\/cmhf.ca\/cos-etv\/fr\/a-propos-de-lexperience-a-toute-vitesse\/\" \/>\n<meta property=\"og:site_name\" content=\"CMHF Celebration of Speed\" \/>\n<meta property=\"article:publisher\" content=\"https:\/\/www.facebook.com\/CanadianMotorsportHallOfFame\/\" \/>\n<meta property=\"article:modified_time\" content=\"2025-05-23T17:11:23+00:00\" \/>\n<meta property=\"og:image\" content=\"https:\/\/cmhf.ca\/cos-etv\/wp-content\/uploads\/2022\/03\/1J2A8234.jpg?_t=1748020283\" \/>\n\t<meta property=\"og:image:width\" content=\"2000\" \/>\n\t<meta property=\"og:image:height\" content=\"1333\" \/>\n\t<meta property=\"og:image:type\" content=\"image\/jpeg\" \/>\n<meta name=\"twitter:card\" content=\"summary_large_image\" \/>\n<meta name=\"twitter:site\" content=\"@canmtsphf\" \/>\n<meta name=\"twitter:label1\" content=\"Dur\u00e9e de lecture estim\u00e9e\" \/>\n\t<meta name=\"twitter:data1\" content=\"3 minutes\" \/>\n<script type=\"application\/ld+json\" class=\"yoast-schema-graph\">{\"@context\":\"https:\/\/schema.org\",\"@graph\":[{\"@type\":\"WebPage\",\"@id\":\"https:\/\/cmhf.ca\/cos-etv\/fr\/a-propos-de-lexperience-a-toute-vitesse\/\",\"url\":\"https:\/\/cmhf.ca\/cos-etv\/fr\/a-propos-de-lexperience-a-toute-vitesse\/\",\"name\":\"\u00c0 PROPOS - CMHF Celebration of Speed\",\"isPartOf\":{\"@id\":\"https:\/\/cmhf.ca\/cos-etv\/fr\/#website\"},\"primaryImageOfPage\":{\"@id\":\"https:\/\/cmhf.ca\/cos-etv\/fr\/a-propos-de-lexperience-a-toute-vitesse\/#primaryimage\"},\"image\":{\"@id\":\"https:\/\/cmhf.ca\/cos-etv\/fr\/a-propos-de-lexperience-a-toute-vitesse\/#primaryimage\"},\"thumbnailUrl\":\"https:\/\/cmhf.ca\/cos-etv\/wp-content\/uploads\/2022\/03\/1J2A8234.jpg\",\"datePublished\":\"2022-05-05T00:06:43+00:00\",\"dateModified\":\"2025-05-23T17:11:23+00:00\",\"breadcrumb\":{\"@id\":\"https:\/\/cmhf.ca\/cos-etv\/fr\/a-propos-de-lexperience-a-toute-vitesse\/#breadcrumb\"},\"inLanguage\":\"fr-FR\",\"potentialAction\":[{\"@type\":\"ReadAction\",\"target\":[\"https:\/\/cmhf.ca\/cos-etv\/fr\/a-propos-de-lexperience-a-toute-vitesse\/\"]}]},{\"@type\":\"ImageObject\",\"inLanguage\":\"fr-FR\",\"@id\":\"https:\/\/cmhf.ca\/cos-etv\/fr\/a-propos-de-lexperience-a-toute-vitesse\/#primaryimage\",\"url\":\"https:\/\/cmhf.ca\/cos-etv\/wp-content\/uploads\/2022\/03\/1J2A8234.jpg\",\"contentUrl\":\"https:\/\/cmhf.ca\/cos-etv\/wp-content\/uploads\/2022\/03\/1J2A8234.jpg\",\"width\":2000,\"height\":1333},{\"@type\":\"BreadcrumbList\",\"@id\":\"https:\/\/cmhf.ca\/cos-etv\/fr\/a-propos-de-lexperience-a-toute-vitesse\/#breadcrumb\",\"itemListElement\":[{\"@type\":\"ListItem\",\"position\":1,\"name\":\"Home\",\"item\":\"https:\/\/cmhf.ca\/cos-etv\/fr\/etv-ontario\/\"},{\"@type\":\"ListItem\",\"position\":2,\"name\":\"\u00c0 PROPOS\"}]},{\"@type\":\"WebSite\",\"@id\":\"https:\/\/cmhf.ca\/cos-etv\/fr\/#website\",\"url\":\"https:\/\/cmhf.ca\/cos-etv\/fr\/\",\"name\":\"CMHF Celebration of Speed\",\"description\":\"\",\"publisher\":{\"@id\":\"https:\/\/cmhf.ca\/cos-etv\/fr\/#organization\"},\"potentialAction\":[{\"@type\":\"SearchAction\",\"target\":{\"@type\":\"EntryPoint\",\"urlTemplate\":\"https:\/\/cmhf.ca\/cos-etv\/fr\/?s={search_term_string}\"},\"query-input\":{\"@type\":\"PropertyValueSpecification\",\"valueRequired\":true,\"valueName\":\"search_term_string\"}}],\"inLanguage\":\"fr-FR\"},{\"@type\":\"Organization\",\"@id\":\"https:\/\/cmhf.ca\/cos-etv\/fr\/#organization\",\"name\":\"CMHF Celebration of Speed\",\"url\":\"https:\/\/cmhf.ca\/cos-etv\/fr\/\",\"logo\":{\"@type\":\"ImageObject\",\"inLanguage\":\"fr-FR\",\"@id\":\"https:\/\/cmhf.ca\/cos-etv\/fr\/#\/schema\/logo\/image\/\",\"url\":\"https:\/\/cmhf.ca\/cos-etv\/wp-content\/uploads\/2024\/04\/CTMP.jpg\",\"contentUrl\":\"https:\/\/cmhf.ca\/cos-etv\/wp-content\/uploads\/2024\/04\/CTMP.jpg\",\"width\":1400,\"height\":933,\"caption\":\"CMHF Celebration of Speed\"},\"image\":{\"@id\":\"https:\/\/cmhf.ca\/cos-etv\/fr\/#\/schema\/logo\/image\/\"},\"sameAs\":[\"https:\/\/www.facebook.com\/CanadianMotorsportHallOfFame\/\",\"https:\/\/x.com\/canmtsphf\",\"https:\/\/www.youtube.com\/channel\/UCDPyyF1IK0cQa6W6ClsJhjg\",\"https:\/\/www.instagram.com\/CMHFofficial\/\"]}]}<\/script>\n<!-- \/ Yoast SEO plugin. -->","yoast_head_json":{"title":"\u00c0 PROPOS - CMHF Celebration of Speed","robots":{"index":"index","follow":"follow","max-snippet":"max-snippet:-1","max-image-preview":"max-image-preview:large","max-video-preview":"max-video-preview:-1"},"canonical":"https:\/\/cmhf.ca\/cos-etv\/fr\/a-propos-de-lexperience-a-toute-vitesse\/","og_locale":"fr_FR","og_type":"article","og_title":"\u00c0 PROPOS - CMHF Celebration of Speed","og_description":"[vc_row type=\u00a0\u00bbfull_width_background\u00a0\u00bb full_screen_row_position=\u00a0\u00bbmiddle\u00a0\u00bb column_margin=\u00a0\u00bbdefault\u00a0\u00bb equal_height=\u00a0\u00bbyes\u00a0\u00bb column_direction=\u00a0\u00bbdefault\u00a0\u00bb column_direction_tablet=\u00a0\u00bbdefault\u00a0\u00bb column_direction_phone=\u00a0\u00bbdefault\u00a0\u00bb scene_position=\u00a0\u00bbcenter\u00a0\u00bb top_padding=\u00a0\u00bb0&Prime; constrain_group_1=\u00a0\u00bbyes\u00a0\u00bb bottom_padding=\u00a0\u00bb0&Prime; left_padding_desktop=\u00a0\u00bb0&Prime; constrain_group_2=\u00a0\u00bbyes\u00a0\u00bb right_padding_desktop=\u00a0\u00bb0&Prime; text_color=\u00a0\u00bbdark\u00a0\u00bb text_align=\u00a0\u00bbleft\u00a0\u00bb row_border_radius=\u00a0\u00bbnone\u00a0\u00bb row_border_radius_applies=\u00a0\u00bbbg\u00a0\u00bb overflow=\u00a0\u00bbvisible\u00a0\u00bb advanced_gradient_angle=\u00a0\u00bb0&Prime; overlay_strength=\u00a0\u00bb0.3&Prime; gradient_direction=\u00a0\u00bbleft_to_right\u00a0\u00bb shape_divider_position=\u00a0\u00bbbottom\u00a0\u00bb bg_image_animation=\u00a0\u00bbnone\u00a0\u00bb gradient_type=\u00a0\u00bbdefault\u00a0\u00bb shape_type=\u00a0\u00bb\u00a0\u00bb][vc_column column_padding=\u00a0\u00bbpadding-1-percent\u00a0\u00bb column_padding_tablet=\u00a0\u00bbinherit\u00a0\u00bb column_padding_phone=\u00a0\u00bbinherit\u00a0\u00bb...","og_url":"https:\/\/cmhf.ca\/cos-etv\/fr\/a-propos-de-lexperience-a-toute-vitesse\/","og_site_name":"CMHF Celebration of Speed","article_publisher":"https:\/\/www.facebook.com\/CanadianMotorsportHallOfFame\/","article_modified_time":"2025-05-23T17:11:23+00:00","og_image":[{"width":2000,"height":1333,"url":"https:\/\/cmhf.ca\/cos-etv\/wp-content\/uploads\/2022\/03\/1J2A8234.jpg?_t=1748020283","type":"image\/jpeg"}],"twitter_card":"summary_large_image","twitter_site":"@canmtsphf","twitter_misc":{"Dur\u00e9e de lecture estim\u00e9e":"3 minutes"},"schema":{"@context":"https:\/\/schema.org","@graph":[{"@type":"WebPage","@id":"https:\/\/cmhf.ca\/cos-etv\/fr\/a-propos-de-lexperience-a-toute-vitesse\/","url":"https:\/\/cmhf.ca\/cos-etv\/fr\/a-propos-de-lexperience-a-toute-vitesse\/","name":"\u00c0 PROPOS - CMHF Celebration of Speed","isPartOf":{"@id":"https:\/\/cmhf.ca\/cos-etv\/fr\/#website"},"primaryImageOfPage":{"@id":"https:\/\/cmhf.ca\/cos-etv\/fr\/a-propos-de-lexperience-a-toute-vitesse\/#primaryimage"},"image":{"@id":"https:\/\/cmhf.ca\/cos-etv\/fr\/a-propos-de-lexperience-a-toute-vitesse\/#primaryimage"},"thumbnailUrl":"https:\/\/cmhf.ca\/cos-etv\/wp-content\/uploads\/2022\/03\/1J2A8234.jpg","datePublished":"2022-05-05T00:06:43+00:00","dateModified":"2025-05-23T17:11:23+00:00","breadcrumb":{"@id":"https:\/\/cmhf.ca\/cos-etv\/fr\/a-propos-de-lexperience-a-toute-vitesse\/#breadcrumb"},"inLanguage":"fr-FR","potentialAction":[{"@type":"ReadAction","target":["https:\/\/cmhf.ca\/cos-etv\/fr\/a-propos-de-lexperience-a-toute-vitesse\/"]}]},{"@type":"ImageObject","inLanguage":"fr-FR","@id":"https:\/\/cmhf.ca\/cos-etv\/fr\/a-propos-de-lexperience-a-toute-vitesse\/#primaryimage","url":"https:\/\/cmhf.ca\/cos-etv\/wp-content\/uploads\/2022\/03\/1J2A8234.jpg","contentUrl":"https:\/\/cmhf.ca\/cos-etv\/wp-content\/uploads\/2022\/03\/1J2A8234.jpg","width":2000,"height":1333},{"@type":"BreadcrumbList","@id":"https:\/\/cmhf.ca\/cos-etv\/fr\/a-propos-de-lexperience-a-toute-vitesse\/#breadcrumb","itemListElement":[{"@type":"ListItem","position":1,"name":"Home","item":"https:\/\/cmhf.ca\/cos-etv\/fr\/etv-ontario\/"},{"@type":"ListItem","position":2,"name":"\u00c0 PROPOS"}]},{"@type":"WebSite","@id":"https:\/\/cmhf.ca\/cos-etv\/fr\/#website","url":"https:\/\/cmhf.ca\/cos-etv\/fr\/","name":"CMHF Celebration of Speed","description":"","publisher":{"@id":"https:\/\/cmhf.ca\/cos-etv\/fr\/#organization"},"potentialAction":[{"@type":"SearchAction","target":{"@type":"EntryPoint","urlTemplate":"https:\/\/cmhf.ca\/cos-etv\/fr\/?s={search_term_string}"},"query-input":{"@type":"PropertyValueSpecification","valueRequired":true,"valueName":"search_term_string"}}],"inLanguage":"fr-FR"},{"@type":"Organization","@id":"https:\/\/cmhf.ca\/cos-etv\/fr\/#organization","name":"CMHF Celebration of Speed","url":"https:\/\/cmhf.ca\/cos-etv\/fr\/","logo":{"@type":"ImageObject","inLanguage":"fr-FR","@id":"https:\/\/cmhf.ca\/cos-etv\/fr\/#\/schema\/logo\/image\/","url":"https:\/\/cmhf.ca\/cos-etv\/wp-content\/uploads\/2024\/04\/CTMP.jpg","contentUrl":"https:\/\/cmhf.ca\/cos-etv\/wp-content\/uploads\/2024\/04\/CTMP.jpg","width":1400,"height":933,"caption":"CMHF Celebration of Speed"},"image":{"@id":"https:\/\/cmhf.ca\/cos-etv\/fr\/#\/schema\/logo\/image\/"},"sameAs":["https:\/\/www.facebook.com\/CanadianMotorsportHallOfFame\/","https:\/\/x.com\/canmtsphf","https:\/\/www.youtube.com\/channel\/UCDPyyF1IK0cQa6W6ClsJhjg","https:\/\/www.instagram.com\/CMHFofficial\/"]}]}},"_links":{"self":[{"href":"https:\/\/cmhf.ca\/cos-etv\/fr\/wp-json\/wp\/v2\/pages\/642","targetHints":{"allow":["GET"]}}],"collection":[{"href":"https:\/\/cmhf.ca\/cos-etv\/fr\/wp-json\/wp\/v2\/pages"}],"about":[{"href":"https:\/\/cmhf.ca\/cos-etv\/fr\/wp-json\/wp\/v2\/types\/page"}],"author":[{"embeddable":true,"href":"https:\/\/cmhf.ca\/cos-etv\/fr\/wp-json\/wp\/v2\/users\/1"}],"replies":[{"embeddable":true,"href":"https:\/\/cmhf.ca\/cos-etv\/fr\/wp-json\/wp\/v2\/comments?post=642"}],"version-history":[{"count":5,"href":"https:\/\/cmhf.ca\/cos-etv\/fr\/wp-json\/wp\/v2\/pages\/642\/revisions"}],"predecessor-version":[{"id":912,"href":"https:\/\/cmhf.ca\/cos-etv\/fr\/wp-json\/wp\/v2\/pages\/642\/revisions\/912"}],"wp:featuredmedia":[{"embeddable":true,"href":"https:\/\/cmhf.ca\/cos-etv\/fr\/wp-json\/wp\/v2\/media\/485"}],"wp:attachment":[{"href":"https:\/\/cmhf.ca\/cos-etv\/fr\/wp-json\/wp\/v2\/media?parent=642"}],"curies":[{"name":"wp","href":"https:\/\/api.w.org\/{rel}","templated":true}]}}